{"id":27,"date":"2014-12-12T14:53:19","date_gmt":"2014-12-12T14:53:19","guid":{"rendered":"http:\/\/www.thinkinlaw.com\/ita\/?page_id=27"},"modified":"2021-07-25T06:17:58","modified_gmt":"2021-07-25T11:17:58","slug":"lostudio","status":"publish","type":"page","link":"https:\/\/www.thinkinlaw.com\/ita\/lostudio\/","title":{"rendered":"LO STUDIO"},"content":{"rendered":"\n<figure class=\"wp-block-image size-large\"><a href=\"https:\/\/www.thinkinlaw.com\/ita\/wp-content\/uploads\/2019\/10\/about-us_2019_1267x438_high.jpg\"><img loading=\"lazy\" decoding=\"async\" width=\"1030\" height=\"356\" src=\"https:\/\/www.thinkinlaw.com\/ita\/wp-content\/uploads\/2019\/10\/about-us_2019_1267x438_high-1030x356.jpg\" alt=\"\" class=\"wp-image-675\" srcset=\"https:\/\/www.thinkinlaw.com\/ita\/wp-content\/uploads\/2019\/10\/about-us_2019_1267x438_high-1030x356.jpg 1030w, https:\/\/www.thinkinlaw.com\/ita\/wp-content\/uploads\/2019\/10\/about-us_2019_1267x438_high-300x104.jpg 300w, https:\/\/www.thinkinlaw.com\/ita\/wp-content\/uploads\/2019\/10\/about-us_2019_1267x438_high-768x265.jpg 768w, https:\/\/www.thinkinlaw.com\/ita\/wp-content\/uploads\/2019\/10\/about-us_2019_1267x438_high-150x52.jpg 150w, https:\/\/www.thinkinlaw.com\/ita\/wp-content\/uploads\/2019\/10\/about-us_2019_1267x438_high-1200x415.jpg 1200w, https:\/\/www.thinkinlaw.com\/ita\/wp-content\/uploads\/2019\/10\/about-us_2019_1267x438_high-400x138.jpg 400w, https:\/\/www.thinkinlaw.com\/ita\/wp-content\/uploads\/2019\/10\/about-us_2019_1267x438_high-800x277.jpg 800w, https:\/\/www.thinkinlaw.com\/ita\/wp-content\/uploads\/2019\/10\/about-us_2019_1267x438_high-200x69.jpg 200w, https:\/\/www.thinkinlaw.com\/ita\/wp-content\/uploads\/2019\/10\/about-us_2019_1267x438_high.jpg 1267w\" sizes=\"auto, (max-width: 1030px) 100vw, 1030px\" \/><\/a><\/figure>\n\n\n<p><span style=\"color: #0b2539; font-size: 2.44em;\">CHI SIAMO<\/span><\/p>\n<h3 style=\"text-align: justify; font-size: 1em;\"><strong><span style=\"color: #555;\">Non ci limitiamo ad assistere i nostri clienti, ma aspiriamo a divenire parte del loro team, perch\u00e9, nel tempo, condividere le loro sfide \u00e8 importante per noi almeno quanto trarre vantaggio dai risultati raggiunti.<\/span><\/strong><\/h3>\n<p style=\"text-align: justify;\">Con sede in Chicago, Illinois, Thinkinlaw, LLC \u00e8 uno studio legale di diritto USA, dedicato prevalentemente ad assistere le imprese nel fare business con gli Stati Uniti, unendo consolidate competenze giuridiche ad una dedizione senza pari alle esigenze della propria clientela, in tutte le fasi dell&#8217;approccio al mercato statunitense. Abbiamo stabilito con i nostri clienti rapporti duraturi nel tempo, rimanendo al loro fianco in tutte le fasi della loro crescita commerciale negli Stati Uniti.<\/p>\n<p style=\"text-align: center;\"><strong><a style=\"color: #0b2539;\" title=\"LE NOSTRE ATTIVITA'\" href=\"http:\/\/www.thinkinlaw.com\/ita\/associati\/\">SCOPRI I NOSTRI PROFESSIONISTI<\/a><\/strong><\/p>\n<p>\u00a0<\/p>\n<h1><span style=\"color: #0b2539; font-weight: normal;\">COSA FACCIAMO<\/span><\/h1>\n<h3 style=\"text-align: justify; font-size: 1em;\"><strong><span style=\"color: #555;\">Una visione d\u2019insieme di tutte le problematiche e degli aspetti cruciali legati al processo di internazionalizzazione consente di affrontarli in maniera pi\u00f9 efficiente.<\/span><\/strong><\/h3>\n<p style=\"text-align: justify;\">I nostri professionisti hanno maturato un\u2019esperienza decennale, accompagnando le imprese alla scoperta del mercato statunitense, dalla fase iniziale di analisi delle criticit\u00e0 connesse al commercio con gli Stati Uniti, agli accordi di distribuzione per commercializzare il prodotto nel territorio USA, successivamente, ad iniziare l&#8217;attivit\u00e0 in territorio americano, coadiuvando la selezione del tipo di societ\u00e0 da costituire e la scelta dello Stato in cui aprire la societ\u00e0, fino all\u2019acquisizione o cessione di azienda o la creazione di altre complesse strutture commerciali negli Stati Uniti. I nostri avvocati si occupano anche dei visti e della presentazione delle pratiche di immigrazione che servono a trasferirsi negli Stati Uniti in connessione con l&#8217;attivit\u00e0 commerciale o l&#8217;assunzione. Siamo in grado di fornire un servizio di consulenza legale integrato e completo, lavorando con i clienti in una vasta gamma di settori, dal&#8217;alimentare ai beni di lusso e design, ai macchinari pesanti, alle biotecnologie e IT, in un contesto economico globale che \u00e8 in continua evoluzione. La conoscenza del contesto culturale e d&#8217;affari americano, nonch\u00e9 del business dei nostri clienti, si riflette in una migliore visione dei valori in gioco e ci consente di contribuire attivamente al loro successo.<\/p>\n<p style=\"text-align: justify;\">Contare sull&#8217;assistenza legale sin dalle fasi iniziali dell&#8217;approccio con il mercato USA significa ridurre e pianificare rischi e costi futuri, individuando strategie ottimali per ottimizzare i benefici dell\u2019investimento. Negli Stati Uniti il ruolo del consulente legale \u00e8 essenziale sin dai primi passi della pianificazione commerciale, tanto che spesso, nel fare business con gli USA non vi dovrete sorprendere se la vostra controparte avr\u00e0 consultato il proprio avvocato ancor prima di intraprendere le negoziazioni. Ci impegnamo costantemente per fare s\u00ec che il nostro apporto possa fare la differenza nell&#8217;iniziare l&#8217;attivit\u00e0 statunitense, mettendo i nostri clienti in grado di avviare la discussione con i partners locali, fornendo loro una panoramica delle criticit\u00e0 e rischi nell&#8217;avvio di attivit\u00e0 negli o scambi commerciali con gli Stati Uniti e, al contempo, posizionando l\u2019azienda strategicamente al meglio per sfruttare appieno ogni opportunit\u00e0 di business.<\/p>\n<p style=\"text-align: justify;\">Assistiamo i nostri clienti sui temi cruciali per condurre affari con gli e negli Stati Uniti, quali contratti commerciali, diritto societario, fusioni e acquisizioni, finanziamenti sia lato debito che tramite la raccolta di capitale (venture-capital funding), immigrazione, partnerships strategiche, propriet\u00e0 intellettuale, rapporti di lavoro, recupero crediti, acquisti e dismissioni di importanti immobili e stabilimenti produttivi e real estate in generale.<\/p>\n<p style=\"text-align: center;\"><strong><a style=\"color: #0b2539;\" title=\"LE NOSTRE ATTIVITA'\" href=\"http:\/\/www.thinkinlaw.com\/ita\/areediattivita\/\">SCOPRI LE NOSTRE AREE DI ATTIVITA&#8217;<\/a><\/strong><\/p>\n<p>\u00a0<\/p>\n<h1><span style=\"color: #0b2539; font-weight: normal;\">COME LO FACCIAMO<\/span><\/h1>\n<h3 style=\"text-align: justify; font-size: 1em;\"><strong><span style=\"color: #555;\">Essenzialit\u00e0 = chiarezza &#8211; complessit\u00e0<\/span><\/strong><\/h3>\n<p style=\"text-align: justify;\">L\u2019abilit\u00e0 nel risolvere un problema dipende spesso dalla chiarezza con cui viene esposto. Siamo consci delle esigenze di impresa e amiamo comunicare in modo chiaro ed essenziale, a partire dall\u2019individuazione ed esposizione delle principali criticit\u00e0 che possono derivare dalla struttura commerciale o societaria proposta, in modo da consentire a chi ci ascolta di ottenere una panoramica quanto pi\u00f9 precisa del rapporto costi \/ benefici in ogni situazione, anche quando le forze e gli interessi in gioco sono molteplici e complessi.<\/p>\n<p style=\"text-align: justify;\">La versatilit\u00e0 e la capacit\u00e0 di trovare soluzioni inaspettate, in grado di apportare benefici a parti e interessi apparentemente contrapposti sono ci\u00f2 che contraddistingue la nostra mentalit\u00e0 \u201cWin \/ Win\u201d. A partire dalla gestione del rapporto tra cliente e consulente, fino alle pi\u00f9 complesse negoziazioni, cerchiamo di individuare la soluzione che consenta di estrarre il maggior valore per entrambe le parti, nell\u2019ottica di trasformare i potenziali ostacoli in opportunit\u00e0.<\/p>\n<p>\u00a0<\/p>\n<h3 style=\"text-align: justify; font-size: 1em;\"><strong><span style=\"color: #555;\">Internazionale vs. Locale<\/span><\/strong><\/h3>\n<ul>\n<li>Internazionale: assistiamo imprese di ogni nazionalit\u00e0 che siano desiderose di fare business con o negli USA.<\/li>\n<li>Locale: siamo ben radicati nella comunit\u00e0 business locale e possiamo contare su di un network di avvocati, servizi e consulenti in pressoch\u00e9 ogni citt\u00e0 negli Stati Uniti.<\/li>\n<\/ul>","protected":false},"excerpt":{"rendered":"<p>CHI SIAMO Non ci limitiamo ad assistere i nostri clienti, ma aspiriamo a divenire parte del loro team, perch\u00e9, nel tempo, condividere le loro sfide \u00e8 importante per noi almeno quanto trarre vantaggio dai risultati raggiunti. Con sede in Chicago, Illinois, Thinkinlaw, LLC \u00e8 uno studio legale di diritto USA, dedicato prevalentemente ad assistere le&#8230; <a class=\"more-link\" href=\"https:\/\/www.thinkinlaw.com\/ita\/lostudio\/\">Continue reading <span class=\"meta-nav\">&#8594;<\/span><\/a><\/p>\n","protected":false},"author":1,"featured_media":0,"parent":0,"menu_order":0,"comment_status":"closed","ping_status":"closed","template":"page-full-width.php","meta":{"footnotes":""},"class_list":["post-27","page","type-page","status-publish","hentry"],"jetpack_sharing_enabled":true,"_links":{"self":[{"href":"https:\/\/www.thinkinlaw.com\/ita\/wp-json\/wp\/v2\/pages\/27","targetHints":{"allow":["GET"]}}],"collection":[{"href":"https:\/\/www.thinkinlaw.com\/ita\/wp-json\/wp\/v2\/pages"}],"about":[{"href":"https:\/\/www.thinkinlaw.com\/ita\/wp-json\/wp\/v2\/types\/page"}],"author":[{"embeddable":true,"href":"https:\/\/www.thinkinlaw.com\/ita\/wp-json\/wp\/v2\/users\/1"}],"replies":[{"embeddable":true,"href":"https:\/\/www.thinkinlaw.com\/ita\/wp-json\/wp\/v2\/comments?post=27"}],"version-history":[{"count":59,"href":"https:\/\/www.thinkinlaw.com\/ita\/wp-json\/wp\/v2\/pages\/27\/revisions"}],"predecessor-version":[{"id":712,"href":"https:\/\/www.thinkinlaw.com\/ita\/wp-json\/wp\/v2\/pages\/27\/revisions\/712"}],"wp:attachment":[{"href":"https:\/\/www.thinkinlaw.com\/ita\/wp-json\/wp\/v2\/media?parent=27"}],"curies":[{"name":"wp","href":"https:\/\/api.w.org\/{rel}","templated":true}]}}