{"id":29,"date":"2014-12-12T14:53:39","date_gmt":"2014-12-12T14:53:39","guid":{"rendered":"http:\/\/www.thinkinlaw.com\/ita\/?page_id=29"},"modified":"2017-12-18T16:37:44","modified_gmt":"2017-12-18T16:37:44","slug":"areediattivita","status":"publish","type":"page","link":"https:\/\/www.thinkinlaw.com\/ita\/areediattivita\/","title":{"rendered":"AREE DI ATTIVITA&#8217;"},"content":{"rendered":"<h1><span style=\"color: #0b2539; font-weight: normal;\">AREE DI ATTIVITA&#8217;<\/span><\/h1>\n<div class=\"row-fluid\">\n<div class=\"span9 offset\">\n<p style=\"text-align: justify;\"><p class=\"drop-cap\">Assistiamo societ\u00e0 e imprese nella gestione dei rapporti commerciali negli USA, dall&#8217;apertura di una attivit\u00e0 o un business tramite la costituzione di una start-up o societ\u00e0 controllata statunitense alla redazione di contratti commerciali.<\/p>\n<p style=\"text-align: justify;\">I nostri clienti vanno dalle medio-piccole imprese ai grossi gruppi societari, in diversi settori e di diverse nazionalit\u00e0. Abbiamo assistito clienti provenienti da Asia, Europa, e Stati Uniti.<\/p><\/p>\n<div class=\"toggle-group accordion\">\n<div class=\"toggle\">\n<h4 class=\"\">Diritto societario<\/h4>\n<div class=\"toggle-content\">\n<h3><strong>Diritto societario<\/strong><\/h3>\n<p style=\"text-align: justify;\">Societario USA: dalla fase di start-up all&#8217;acquisizione di partecipazioni strategiche negli Stati Uniti.<\/p>\n<p style=\"text-align: justify;\">Abbiamo assistito e assistiamo imprenditori e societ\u00e0 durante tutte le fasi nel creare business, imprese e strutture commerciali negli Stati Uniti, dalla individuazione della struttura societaria pi\u00f9 appropriata (dal punto di vista finanziario, strategico, operativo e fiscale), al costituire la societ\u00e0 statunitense. Abbiamo una vasta esperienza nella costituzione di corporations, limited liability companies e altre strutture societarie pi\u00f9 complesse, necessarie ad intraprendere, gestire o acquisire una attivit\u00e0 negli USA. Per noi \u00e8 importante non solo essere in grado di assistervi nella realizzazione della struttura commerciale o societaria scelta, ma, letteralmente, disegnarla assieme al cliente. Inoltre, lo Studio Legale Thinkinlaw affianca le imprese presenti negli Stati Uniti offrendo loro un servizio di assistenza continua all\u2019impresa, specialmente a quelle strutture la cui controllata statunitense non abbia ancora un avvocato interno, provvedendo cos\u00ec a soddisfare varie esigenze, tra cui l\u2019assistenza day-to-day societaria e business, la governance societaria, le registrazioni e i rapporti con gli enti.<\/p>\n<p style=\"text-align: justify;\">Dagli accordi parasociali e di investimento, all&#8217;assistenza a fusioni e acquisizioni, cessioni di partecipazioni, la nostra esperienza comprende diversi settori, tra cui lusso e moda, manufatturiero, meccanica pesante e IT.<\/p>\n<\/div>\n<\/div>\n<div class=\"toggle\">\n<h4 class=\"\">Contratti commerciali<\/h4>\n<div class=\"toggle-content\">\n<h3><strong>Contratti commerciali<\/strong><\/h3>\n<p style=\"text-align: justify;\">Assistiamo i nostri clienti nella redazione e negoziazione degli accordi indispensabili al commercio con gli Stati Uniti, dai contratti di agenzia e distribuzione a complesse strutture di joint venture e partnership strategica.<\/p>\n<p style=\"text-align: justify;\">Ancor prima della creazione di una societ\u00e0 negli USA, ma a maggior ragione qualora si intenda stabilire una presenza commerciale negli Stati Uniti, \u00e8 indispensabile predisporre contratti commerciali adeguati e tutelanti. Un contratto commerciale riveste un&#8217;importanza strategica nell&#8217;ambito della relazione commerciale con la controparte. Assistiamo imprenditori, societ\u00e0, importatori, distributori in tutte le fasi del rapporto commerciale, dall&#8217;assistenza strategica alla commercializzazione dei prodotti negli USA, tramite la redazione e negoziazione di accordi di distribuzione o agenzia, costantemente al loro fianco nel valutare i rapporti costi-benefici e con il fine ultimo di stabilire relazioni durevoli.<\/p>\n<p style=\"text-align: justify;\">Dai contratti di agenzia e distribuzione, anche nel caso di societ\u00e0 italiane desiderose di esportare i loro prodotti negli Stati Uniti, alle condizioni generali di vendita, accordi di somministrazione e approvvigionamento, garanzie di buon funzionamento, contratti di licenza e IP siamo in grado di fornire tutti gli strumenti necessari alla conduzione di affari negli USA, dalle attivit\u00e0 iniziali, sino alle fasi pi\u00f9 mature del business statunitense.<\/p>\n<p style=\"text-align: justify;\">La nostra esperienza comprende vari settori, tra cui i beni di lusso, manufatturiero e meccanica, beni alimentari, design e arredamento, alta tecnologia e IT.<\/p>\n<\/div>\n<\/div>\n<div class=\"toggle\">\n<h4 class=\"\">Financing<\/h4>\n<div class=\"toggle-content\">\n<h3><strong>Financing<\/strong><\/h3>\n<p style=\"text-align: justify;\">Assistiamo start-ups, developers, imprese in diversi settori, EPC e O&amp;M, investitori e finanziatori in tutte le fasi relative al reperimento di mezzi finanziari negli e per gli Stati Uniti, sia lato debito che equity.<\/p>\n<p style=\"text-align: justify;\">Dall&#8217;assistenza alla negoziazione e redazione di contratti di finanziamento con varie istituzioni finanziarie nei diversi Stati USA, alla selezione della pi\u00f9 appropriata struttura societaria per strutturare rounds di investimenti venture-capital, all&#8217;assistenza nelle fasi di road-show e fund-raising in America, abbiamo sviluppato una notevole esperienza finanziaria negli Stati Uniti, incluse le fasi di acquisition e project financing. Abbiamo rappresentato e continuiamo a rappresentare istituzioni finanziarie e investitori, fondi di private-equity, in relazione al finanziamento, acquisizione, sviluppo, di progetti negli USA.<\/p>\n<p style=\"text-align: justify;\">In particolare, i nostri avvocati forniscono assistenza nelle aree relative a:<\/p>\n<ul>\n<li style=\"text-align: justify;\">business plan e pianificazione finanziaria, selezione del modello societario, fund raising e finanziamenti;<\/li>\n<li style=\"text-align: justify;\">equity, venture capital e debito;<\/li>\n<li style=\"text-align: justify;\">project financing;<\/li>\n<li style=\"text-align: justify;\">real estate financing;<\/li>\n<li style=\"text-align: justify;\">equipment financing e finanziamenti collateralizzati;<\/li>\n<li style=\"text-align: justify;\">garanzie reali e personali.<\/li>\n<\/ul>\n<\/div>\n<\/div>\n<div class=\"toggle\">\n<h4 class=\"\">Immigrazione USA<\/h4>\n<div class=\"toggle-content\">\n<h3 style=\"text-align: justify;\"><strong>Immigrazione USA<\/strong><\/h3>\n<p style=\"text-align: justify;\">Siamo al servizio della comunit\u00e0 business per condividere i pi\u00f9 recenti sviluppi in tema di normativa sull&#8217;immigrazione negli Stati Uniti e vogliamo offrire un approccio pragmatico e strategico per affrontare le sfide di chi ha bisogno di un visto per trasferirsi negli Stati Uniti.<\/p>\n<p style=\"text-align: justify;\">Lo Studio Legale Thinkinlaw assiste costantemente la clientela offrendo pacchetto completo di strategie di immigrazione tese ad ottenere i visti necessari a trasferirsi negli USA per motivi di lavoro o altro.<\/p>\n<p style=\"text-align: justify;\"><span style=\"line-height: 1.5;\">Siamo specializzati nell&#8217;assistere la clientela di tipo business in una serie di servizi di immigrazione, attraverso gli strumenti e le modalit\u00e0 previsti dalla legislazione degli Stati Uniti. Affrontiamo le problematiche di immigrazione statunitense relative a vari stadi dello sviluppo del business dei nostri clienti, dalla fase di start-up a societ\u00e0 gi\u00e0 stabilite, dalle medio-piccole alle grosse dimensioni.<\/span><\/p>\n<p style=\"text-align: justify;\"><span style=\"line-height: 1.5;\">\u200bAbbiamo sviluppato una conoscenza approfondita della legislazione USA in materia di immigrazione, inclusa la regolamentazione relativa all&#8217;ottenimento di visti relativi a status temporanei e permanenti, assistendo i clienti nel risolvere le problematiche relative ai loro bisogni legati alla conduzione di affari nel breve o lungo periodo. Abbiamo gestito con successo centinaia di richieste per ottenere visti USA per conto di dirigenti, managers, professionisti e impiegati in tutte le principali categorie Visa di tipo business.<\/span><\/p>\n<p style=\"text-align: justify;\"><span style=\"line-height: 1.5;\">Il nostro punto di forza \u00e8 la capacit\u00e0 di creare sinergie tra le diverse aree di attivit\u00e0 dello Studio, coinvolgendo diversi avvocati nel creare un team di consulenti in grado di rappresentare al meglio il candidato nel presentare una richiesta di visto che copra non solamente gli aspetti strettamente legati alla domanda di visto, ma anche gli altri indispensabili requisiti richiesti dalla legislazione USA in materia di immigrazione, dalla struttura societaria ai contratti di lavoro sottostanti, al contratto di affitto dei locali, per citarne alcuni.<\/span><\/p>\n<p style=\"text-align: justify;\"><span style=\"line-height: 1.5;\">Forniamo un servizio di consulenza nelle principali categorie di visti di immigrazione per gli Stati Uniti in materia di business o professionali, incluse le categorie B-1 e B-2, E-1 ed E-2, EB-5, F-1, H1-B, L-1, O-1, J-1.<\/span><\/p>\n<h3 style=\"text-align: justify;\">Link utili:<\/h3>\n<ul>\n<li style=\"text-align: justify;\"><span style=\"color: #000000;\"><a style=\"color: #000000;\" href=\"http:\/\/www.uscis.gov\/\" target=\"_blank\" rel=\"noopener\">U.S. Citizenship and Immigration Services (USCIS)<\/a>;<\/span><\/li>\n<li style=\"text-align: justify;\"><span style=\"color: #000000;\"><a style=\"color: #000000;\" href=\"http:\/\/www.dhs.gov\/\" target=\"_blank\" rel=\"noopener\">U.S. Department of Homeland Security<\/a>;<\/span><\/li>\n<li style=\"text-align: justify;\"><span style=\"color: #000000;\"><a style=\"color: #000000;\" href=\"http:\/\/www.ice.gov\/about\/overview\/\" target=\"_blank\" rel=\"noopener\">U.S. Immigration and Customs Enforcement (ICE)<\/a>;<\/span><\/li>\n<li style=\"text-align: justify;\"><span style=\"color: #000000;\"><a style=\"color: #000000;\" href=\"http:\/\/www.immigrationadvocates.org\/\" target=\"_blank\" rel=\"noopener\">Immigration Advocates Network<\/a>;<\/span><\/li>\n<li style=\"text-align: justify;\"><span style=\"color: #000000;\"><a style=\"color: #000000;\" href=\"http:\/\/www.immigrantjustice.org\/\" target=\"_blank\" rel=\"noopener\">National Immigrant Justice Center<\/a>;<\/span><\/li>\n<li style=\"text-align: justify;\"><span style=\"color: #000000;\"><a style=\"color: #000000;\" href=\"http:\/\/www.immigrationforum.org\/\" target=\"_blank\" rel=\"noopener\">National Immigration Forum<\/a>.<\/span><\/li>\n<\/ul>\n<\/div>\n<\/div>\n<div class=\"toggle\">\n<h4 class=\"\">Propriet\u00e0 Intellettuale e licensing<\/h4>\n<div class=\"toggle-content\">\n<h3><strong>Propriet\u00e0 Intellettuale e licensing<\/strong><\/h3>\n<p style=\"text-align: justify;\">Dalla registrazione di marchi presso lo USPTO al trasferimento di propriet\u00e0 intellettuale al licensing verso e da gli Stati Uniti, i nostri legali assistono la clientela a proteggere i suoi beni pi\u00f9 preziosi.<\/p>\n<p style=\"text-align: justify;\">Spesso il valore dell&#8217;azienda \u00e8 dato dalla propriet\u00e0 intellettuale che contiene. Capiamo come molti dei sogni e delle aspirazioni dei nostri clienti siano contenuti nella propriet\u00e0 intellettuale di una impresa e vogliamo consigliarli al meglio per proteggerne e massimizzarne il valore. Dalla creazione di una societ\u00e0 USA preposta a contenerli, alla acquisizione, cessione o licenza, i nostri consulenti mirano a creare delle strategie per tutelare e massimizzare la propriet\u00e0 intellettuale dei nostri clienti.<\/p>\n<p style=\"text-align: justify;\">Abbiamo fornito assistenza legale nei settori:<\/p>\n<ul>\n<li style=\"text-align: justify;\">IP due diligence e pianificazione strategica;<\/li>\n<li style=\"text-align: justify;\">Registrazioni IP e filings presso lo United States Patent and Trademark Office;<\/li>\n<li style=\"text-align: justify;\">IP licensing;<\/li>\n<li style=\"text-align: justify;\">Accordi e pianificazione strategica a tutela della confidenzialit\u00e0 della propriet\u00e0 intellettuale e dei trade secrets.<\/li>\n<\/ul>\n<\/div>\n<\/div>\n<div class=\"toggle\">\n<h4 class=\"\">Real estate<\/h4>\n<div class=\"toggle-content\">\n<h3><strong>Real estate<\/strong><\/h3>\n<p style=\"text-align: justify;\">Dall&#8217;acquisto di immobili residenziali negli Stati Uniti alla creazione di sofisticate strutture societarie per detenere gli immobili, al finanziamento dell&#8217;acquisizione.<\/p>\n<p style=\"text-align: justify;\">I nostri avvocati possono assistere imprenditori o investitori individuali nel comprare, vendere, o finanziare l&#8217;acquisto di immobili negli USA. Abbiamo assistito clienti a sviluppare, finanziare, comprare e cedere assets immobiliari, nonch\u00e9 alla creazione di strategie per la gestione, l&#8217;affitto e lo sfruttamento di propriet\u00e0 immobiliari negli Stati Uniti. Dalla costituzione di societ\u00e0 di scopo statunitensi all&#8217;assistenza quotidiana, i nostri servizi legali comprendono:<\/p>\n<ul>\n<li style=\"text-align: justify;\">Valutazione strategica;<\/li>\n<li style=\"text-align: justify;\">Real estate financing;<\/li>\n<li style=\"text-align: justify;\">Sviluppo e costruzione;<\/li>\n<li style=\"text-align: justify;\">Real estate acquisitions e cessioni;<\/li>\n<li style=\"text-align: justify;\">Gestione, assistenza quotidiana e strutture per l&#8217;affitto delle propriet\u00e0.<\/li>\n<\/ul>\n<\/div>\n<\/div>\n<\/div>\n<\/div>\n<div class=\"span3 offset\">\n<p style=\"text-align: justify;\"><img loading=\"lazy\" decoding=\"async\" class=\"alignnone wp-image-585\" src=\"http:\/\/www.thinkinlaw.com\/ita\/wp-content\/uploads\/2014\/12\/practicesita.jpg\" alt=\"Business\" width=\"187\" height=\"453\" srcset=\"https:\/\/www.thinkinlaw.com\/ita\/wp-content\/uploads\/2014\/12\/practicesita.jpg 300w, https:\/\/www.thinkinlaw.com\/ita\/wp-content\/uploads\/2014\/12\/practicesita-124x300.jpg 124w, https:\/\/www.thinkinlaw.com\/ita\/wp-content\/uploads\/2014\/12\/practicesita-150x364.jpg 150w, https:\/\/www.thinkinlaw.com\/ita\/wp-content\/uploads\/2014\/12\/practicesita-200x485.jpg 200w\" sizes=\"auto, (max-width: 187px) 100vw, 187px\" \/><\/p>\n<\/div>\n<\/div>\n","protected":false},"excerpt":{"rendered":"<p>AREE DI ATTIVITA&#8217;<\/p>\n","protected":false},"author":1,"featured_media":0,"parent":0,"menu_order":0,"comment_status":"closed","ping_status":"closed","template":"page-full-width.php","meta":{"footnotes":""},"class_list":["post-29","page","type-page","status-publish","hentry"],"jetpack_sharing_enabled":true,"_links":{"self":[{"href":"https:\/\/www.thinkinlaw.com\/ita\/wp-json\/wp\/v2\/pages\/29","targetHints":{"allow":["GET"]}}],"collection":[{"href":"https:\/\/www.thinkinlaw.com\/ita\/wp-json\/wp\/v2\/pages"}],"about":[{"href":"https:\/\/www.thinkinlaw.com\/ita\/wp-json\/wp\/v2\/types\/page"}],"author":[{"embeddable":true,"href":"https:\/\/www.thinkinlaw.com\/ita\/wp-json\/wp\/v2\/users\/1"}],"replies":[{"embeddable":true,"href":"https:\/\/www.thinkinlaw.com\/ita\/wp-json\/wp\/v2\/comments?post=29"}],"version-history":[{"count":78,"href":"https:\/\/www.thinkinlaw.com\/ita\/wp-json\/wp\/v2\/pages\/29\/revisions"}],"predecessor-version":[{"id":652,"href":"https:\/\/www.thinkinlaw.com\/ita\/wp-json\/wp\/v2\/pages\/29\/revisions\/652"}],"wp:attachment":[{"href":"https:\/\/www.thinkinlaw.com\/ita\/wp-json\/wp\/v2\/media?parent=29"}],"curies":[{"name":"wp","href":"https:\/\/api.w.org\/{rel}","templated":true}]}}